{"id":140,"date":"2018-08-26T16:13:44","date_gmt":"2018-08-26T14:13:44","guid":{"rendered":"https:\/\/www.elke-bodenschatz.de\/?page_id=140"},"modified":"2018-08-26T16:22:10","modified_gmt":"2018-08-26T14:22:10","slug":"kontakt","status":"publish","type":"page","link":"https:\/\/www.elke-bodenschatz.de\/index.php\/kontakt\/","title":{"rendered":"Kontakt"},"content":{"rendered":"<p>Habe ich Dein Interesse geweckt? Vereinbare jetzt Dein kostenloses, unverbindliches Kennenlern-Telefongespr\u00e4ch* oder melde dich bei mir, um mehr dar\u00fcber zu erfahren, was ich f\u00fcr Dich tun kann.<\/p>\n<p>Ich freue mich, von Dir zu h\u00f6ren!<\/p>\n<p style=\"text-align: center;\">Tel.: 09524-3033634<\/p>\n<p style=\"text-align: center;\">mail: info@elke-bodenschatz.de<\/p>\n<p>&nbsp;<\/p>\n<p><span style=\"font-size: 8pt;\">*gerne nehme ich mir bis zu 15 Minuten Zeit f\u00fcr unseren ersten Kontakt.<\/span><\/p>\n","protected":false},"excerpt":{"rendered":"<p>Habe ich Dein Interesse geweckt? Vereinbare jetzt Dein kostenloses, unverbindliches Kennenlern-Telefongespr\u00e4ch* oder melde dich bei mir, um mehr dar\u00fcber zu erfahren, was ich f\u00fcr Dich tun kann. Ich freue mich, von Dir zu h\u00f6ren! Tel.:<a class=\"moretag\" href=\"https:\/\/www.elke-bodenschatz.de\/index.php\/kontakt\/\"> Weiterlesen&nbsp;&hellip;<\/a><\/p>\n","protected":false},"author":1,"featured_media":0,"parent":0,"menu_order":0,"comment_status":"closed","ping_status":"closed","template":"","meta":{"footnotes":""},"class_list":["post-140","page","type-page","status-publish","hentry"],"_links":{"self":[{"href":"https:\/\/www.elke-bodenschatz.de\/index.php\/wp-json\/wp\/v2\/pages\/140","targetHints":{"allow":["GET"]}}],"collection":[{"href":"https:\/\/www.elke-bodenschatz.de\/index.php\/wp-json\/wp\/v2\/pages"}],"about":[{"href":"https:\/\/www.elke-bodenschatz.de\/index.php\/wp-json\/wp\/v2\/types\/page"}],"author":[{"embeddable":true,"href":"https:\/\/www.elke-bodenschatz.de\/index.php\/wp-json\/wp\/v2\/users\/1"}],"replies":[{"embeddable":true,"href":"https:\/\/www.elke-bodenschatz.de\/index.php\/wp-json\/wp\/v2\/comments?post=140"}],"version-history":[{"count":4,"href":"https:\/\/www.elke-bodenschatz.de\/index.php\/wp-json\/wp\/v2\/pages\/140\/revisions"}],"predecessor-version":[{"id":146,"href":"https:\/\/www.elke-bodenschatz.de\/index.php\/wp-json\/wp\/v2\/pages\/140\/revisions\/146"}],"wp:attachment":[{"href":"https:\/\/www.elke-bodenschatz.de\/index.php\/wp-json\/wp\/v2\/media?parent=140"}],"curies":[{"name":"wp","href":"https:\/\/api.w.org\/{rel}","templated":true}]}}