{"id":2,"date":"2018-06-06T14:29:44","date_gmt":"2018-06-06T12:29:44","guid":{"rendered":"http:\/\/localhost:8888\/Elke%20Bodenschatz%202.0\/?page_id=2"},"modified":"2018-09-05T12:04:49","modified_gmt":"2018-09-05T10:04:49","slug":"ueber_mich","status":"publish","type":"page","link":"https:\/\/www.elke-bodenschatz.de\/index.php\/ueber_mich\/","title":{"rendered":"\u00dcber mich"},"content":{"rendered":"<p><img loading=\"lazy\" decoding=\"async\" src=\"https:\/\/www.elke-bodenschatz.de\/wp-content\/uploads\/2018\/08\/Elke_UeberMich-300x300.png\" alt=\"\" width=\"300\" height=\"300\" class=\"wp-image-128 size-medium alignright\" srcset=\"https:\/\/www.elke-bodenschatz.de\/wp-content\/uploads\/2018\/08\/Elke_UeberMich-300x300.png 300w, https:\/\/www.elke-bodenschatz.de\/wp-content\/uploads\/2018\/08\/Elke_UeberMich-150x150.png 150w, https:\/\/www.elke-bodenschatz.de\/wp-content\/uploads\/2018\/08\/Elke_UeberMich-768x768.png 768w, https:\/\/www.elke-bodenschatz.de\/wp-content\/uploads\/2018\/08\/Elke_UeberMich.png 800w\" sizes=\"auto, (max-width: 300px) 100vw, 300px\" \/><\/p>\n<h3><span style=\"color: #993366; font-size: 18pt;\"><strong><em>Hallo, sch\u00f6n dass du hier bist.<\/em><\/strong><\/span><\/h3>\n<p>&nbsp;<\/p>\n<h6><span style=\"font-size: 18.6667px;\">Vielleicht<\/span> bist du zuf\u00e4llig \u00fcber meine Seite gestolpert? Oder aus einem Grund, der dich gerade bewegt und mit der Qualit\u00e4t einer beruflichen oder privaten Beziehung von dir zu tun hat? Oder du m\u00f6chtest einfach herausfinden, ob ich dir als Mensch und Expertin f\u00fcr Beziehungen liege ?<\/h6>\n<p>&nbsp;<\/p>\n<h5 style=\"text-align: center;\"><strong><span style=\"color: #993366;\">Dann lass uns starten &#8211; \u00a0mit DIR<\/span><\/strong><\/h5>\n<h6><strong>Was besch\u00e4ftigt dich ?<\/strong><\/h6>\n<ul>\n<li>Du steckst gerade in einer Beziehung fest (ob privat oder beruflich) und trittst auf der Stelle?<\/li>\n<li>Du f\u00fchlst dich in einer deiner Beziehungen nicht mehr am richtigen Platz?<\/li>\n<li>Du hast das Gef\u00fchl, dass du nicht mehr du sein kannst?<\/li>\n<li>Du f\u00fchlst dich ohnm\u00e4chtig?<\/li>\n<li>Du hast Angst vor Verlust, nimmst vieles einfach hin und lebst daher unter deinen M\u00f6glichkeiten?<\/li>\n<\/ul>\n<h6><span style=\"color: #ff9900; font-size: 18pt;\"><img loading=\"lazy\" decoding=\"async\" src=\"https:\/\/www.elke-bodenschatz.de\/wp-content\/uploads\/2018\/07\/stop-sign-stock-photo-a70a207f9bad0f1a-300x225.jpg\" alt=\"\" width=\"265\" height=\"199\" class=\"alignleft wp-image-107 \" srcset=\"https:\/\/www.elke-bodenschatz.de\/wp-content\/uploads\/2018\/07\/stop-sign-stock-photo-a70a207f9bad0f1a-300x225.jpg 300w, https:\/\/www.elke-bodenschatz.de\/wp-content\/uploads\/2018\/07\/stop-sign-stock-photo-a70a207f9bad0f1a-768x576.jpg 768w, https:\/\/www.elke-bodenschatz.de\/wp-content\/uploads\/2018\/07\/stop-sign-stock-photo-a70a207f9bad0f1a-1024x768.jpg 1024w, https:\/\/www.elke-bodenschatz.de\/wp-content\/uploads\/2018\/07\/stop-sign-stock-photo-a70a207f9bad0f1a.jpg 1600w\" sizes=\"auto, (max-width: 265px) 100vw, 265px\" \/><\/span><\/h6>\n<h6 style=\"text-align: center;\">Es k\u00f6nnte sein, dass du dich nach dem n\u00e4chsten Satz sofort wieder von mir verabschieden\u00a0m\u00f6chtest.<br \/>\nBleib bitte dran! Es lohnt sich.<\/h6>\n<h6 style=\"text-align: center;\"><span style=\"color: #993366; font-size: 18pt;\"><strong>Wie gut oder schlecht deine Beziehungen sind, ist deine pers\u00f6nliche Wahl!<\/strong><\/span><\/h6>\n<p>&nbsp;<\/p>\n<p>Provokativ? Gewagt? Kann ja gar nicht sein!? Verst\u00e4ndlich, wenn das deine erste Reaktion ist.<\/p>\n<p><strong>Du kannst glauben, dass deine Beziehung schlecht ist, so wie sie gerade ist, oder, dass sie einen Sinn hat, der sich am Ende als gut herausstellt.<\/strong><\/p>\n<p>Die Kraft der freien Wahl wie du \u00fcber deine Beziehungen denkst, ist der Schl\u00fcssel mit dem ich dir helfen kann, deinen Beziehungen mehr Qualit\u00e4t und eine neue Richtung zu geben f\u00fcr ein erf\u00fcllendes, harmonisches und authentisches Leben.<\/p>\n<p><strong>Du willst &#8230;<\/strong><\/p>\n<p><img loading=\"lazy\" decoding=\"async\" src=\"https:\/\/www.elke-bodenschatz.de\/wp-content\/uploads\/2018\/08\/Check.png\" alt=\"\" width=\"20\" height=\"20\" class=\"alignleft wp-image-130\" srcset=\"https:\/\/www.elke-bodenschatz.de\/wp-content\/uploads\/2018\/08\/Check.png 200w, https:\/\/www.elke-bodenschatz.de\/wp-content\/uploads\/2018\/08\/Check-150x150.png 150w\" sizes=\"auto, (max-width: 20px) 100vw, 20px\" \/>Klarheit f\u00fcr deine Liebesbeziehung (gehen oder bleiben?)<\/p>\n<p><img loading=\"lazy\" decoding=\"async\" src=\"https:\/\/www.elke-bodenschatz.de\/wp-content\/uploads\/2018\/08\/Check.png\" alt=\"\" width=\"20\" height=\"20\" class=\"alignleft wp-image-130\" srcset=\"https:\/\/www.elke-bodenschatz.de\/wp-content\/uploads\/2018\/08\/Check.png 200w, https:\/\/www.elke-bodenschatz.de\/wp-content\/uploads\/2018\/08\/Check-150x150.png 150w\" sizes=\"auto, (max-width: 20px) 100vw, 20px\" \/>eine erf\u00fcllende, kraft- und freudvolle Liebesbeziehung leben?<\/p>\n<p><img loading=\"lazy\" decoding=\"async\" src=\"https:\/\/www.elke-bodenschatz.de\/wp-content\/uploads\/2018\/08\/Check.png\" alt=\"\" width=\"20\" height=\"20\" class=\"alignleft wp-image-130\" srcset=\"https:\/\/www.elke-bodenschatz.de\/wp-content\/uploads\/2018\/08\/Check.png 200w, https:\/\/www.elke-bodenschatz.de\/wp-content\/uploads\/2018\/08\/Check-150x150.png 150w\" sizes=\"auto, (max-width: 20px) 100vw, 20px\" \/>wieder \u201eDu\u201c sein in all deinen Beziehungen?<\/p>\n<p><img loading=\"lazy\" decoding=\"async\" src=\"https:\/\/www.elke-bodenschatz.de\/wp-content\/uploads\/2018\/08\/Check.png\" alt=\"\" width=\"20\" height=\"20\" class=\"alignleft wp-image-130\" srcset=\"https:\/\/www.elke-bodenschatz.de\/wp-content\/uploads\/2018\/08\/Check.png 200w, https:\/\/www.elke-bodenschatz.de\/wp-content\/uploads\/2018\/08\/Check-150x150.png 150w\" sizes=\"auto, (max-width: 20px) 100vw, 20px\" \/>Kollegen*innen die dich achten und wertsch\u00e4tzend behandeln?<\/p>\n<p><img loading=\"lazy\" decoding=\"async\" src=\"https:\/\/www.elke-bodenschatz.de\/wp-content\/uploads\/2018\/08\/Check.png\" alt=\"\" width=\"18\" height=\"18\" class=\"alignleft wp-image-130\" srcset=\"https:\/\/www.elke-bodenschatz.de\/wp-content\/uploads\/2018\/08\/Check.png 200w, https:\/\/www.elke-bodenschatz.de\/wp-content\/uploads\/2018\/08\/Check-150x150.png 150w\" sizes=\"auto, (max-width: 18px) 100vw, 18px\" \/>dass deine Kinder zu selbstbewussten und starken Pers\u00f6nlichkeiten heranwachsen?<\/p>\n<h6 style=\"text-align: left;\"><strong>Dann bist du hier genau richtig!<\/strong><\/h6>\n<p>&nbsp;<\/p>\n<h5 style=\"text-align: center;\"><strong><span style=\"color: #993366;\">Warum kann ausgerechnet ich dir dabei helfen?<\/span><\/strong><\/h5>\n<p>Vor 15 Jahren stand ich selbst vor dem Aus meiner Ehe und buchst\u00e4blich vor dem Nichts.<br \/>\nMit der Herausforderung, mein Leben nach 20 Jahren komplett neu zu ordnen und der Verantwortung f\u00fcr meine beiden wundervollen S\u00f6hne, die diese Lebensumstellung m\u00f6glichst unbeschadet \u00fcberstehen sollten, machte ich mich auf in eine neues Leben.<br \/>\nWas ich nicht mehr wollte in meinen Beziehungen und vor allem in einer Lebenspartnerschaft, war mir schnell klar.<\/p>\n<h6><strong>Ich fand dadurch auch heraus was ich wollte.<\/strong><\/h6>\n<h6>Nur, was war n\u00f6tig, um mein Ziel zu erreichen?<\/h6>\n<p>Mein Forschergeist war geweckt:<br \/>\n<em>Wie k\u00f6nnen Beziehungen gelingen, welche Bedeutung haben sie wirklich?<\/em><br \/>\n<em>Welche Kr\u00e4fte wirken darin?<\/em><br \/>\n<em>Und was hat das Alles mit uns selbst zu tun?<\/em><\/p>\n<p style=\"text-align: left;\"><strong>Die Suche nach Antworten begann&#8230;<\/strong><\/p>\n<p>Was ich mir an Wissen aneignete, testete ich in meinem Leben aus. Manches davon war genial, anderes absolut unbrauchbar. Ich sp\u00fcrte, dass es etwas geben musste, das mit den \u00fcblichen Beziehungsratschl\u00e4gen nichts zu tun hatte. Ich folgte meiner Intuition, und mein querdenkender Geist war mir auch dabei sehr hilfreich. Passende Ideen, Informationen und Begegnungen reihten sich aneinander wie Perlen an eine Kette.<\/p>\n<p style=\"text-align: left;\"><strong>Die wunderbare Essenz daraus:<\/strong><\/p>\n<p style=\"text-align: center;\"><em><strong><span style=\"color: #993366;\">Jeder muss selbst die Ver\u00e4nderung sein, die er in seinen Beziehungen erleben will.<\/span><\/strong><\/em><\/p>\n<p>Diese Erkenntnis brachte eine unglaubliche Erleichterung mit sich. Jeder Mensch hat die 100 %ige Verantwortung, wie sich seine Beziehungen entwickeln und die Macht, das Beste daraus zu machen.<br \/>\nAus dieser Erkenntnis entstand ein wertvoller Prozess, der mir selbst und meinen Klienten seit nunmehr 15 Jahren hilft, die Vorg\u00e4nge in unseren privaten und beruflichen Beziehungen zu verstehen und zu verwandeln.<\/p>\n<p>Seit 2003 gehe ich nun den wundervollen Weg der Weiterbildung, Erfahrung, Wachstum, Ver\u00e4nderung und Erkenntnisse, wie freudvolle Beziehungen entstehen und gelebt werden k\u00f6nnen, erfolgreich weitergegeben an viele Menschen\u2026<\/p>\n<p><strong>Entwickelt aus dem Leben f\u00fcr das Leben.<\/strong><\/p>\n<p>Heute lebe ich erf\u00fcllte und wertsch\u00e4tzende Beziehungen und es ist mir eine Freude, dies auch f\u00fcr dich zu erm\u00f6glichen.<\/p>\n<p><strong>Mein Leitspruch :<\/strong><\/p>\n<h6 style=\"text-align: center;\"><strong><span style=\"color: #993366;\"><em>\u201eWer anderen Lehr&#8216; und Rat will geben, muss selbst am ersten danach leben\u201c !<\/em><\/span><\/strong><\/h6>\n<p>Zu diesem Spruch gibt es eine pers\u00f6nliche Geschichte von mir. Wenn Sie dich interessiert und du mehr \u00fcber meine Lebensstationen wissen m\u00f6chtest, schau doch bald mal wieder vorbei &#8211; die ganze Geschichte wird bald auf dieser Seite zu finden sein.<\/p>\n<h5 style=\"text-align: center;\"><strong><span style=\"color: #993366;\">Der Mensch hinter all dem..<\/span><\/strong><\/h5>\n<p>Ich bin ein innovativer und emotionaler Mensch mit einem unkonventionell und querdenkenden Geist. Zudem gehe ich auch gerne analytisch und tiefgr\u00fcndig den Ursachen auf den Grund und liebe Menschen und das Leben. An B\u00fcchern mit neuen Erkenntnissen und Forschungen \u00fcber das Menschsein komme ich nicht vorbei, viele davon sind mir gesch\u00e4tzte Begleiter. Zeit f\u00fcr mich, f\u00fcr meinen Lebenspartner, f\u00fcr meine Familie und meine Freunde ist ein wertvoller Teil meines Lebens.<br \/>\nIch bin offen, klar und herzlich im Umgang mit Menschen, erkunde gerne Neues und lasse mich von dem Satz\u00a0 \u201eDas war schon immer so\u201c nicht aufhalten.<br \/>\nIch kann gut Zuh\u00f6ren und durch intuitives Verst\u00e4ndnis die Situation eines Menschen schnell erfassen und in \u201eseiner Sprache\u201c reflektieren. Ausgleich und Inspiration finde ich beim Radfahren mit meinem Lebenspartner oder wenn ich mir meine Kamera schnappe und kleine unscheinbare Sch\u00f6nheiten entdecke.<\/p>\n<h5><strong>Ich helfe dir kraftvolle, erf\u00fcllende Beziehungen zu entwickeln f\u00fcr ein freudvolles, authentisches Leben.<\/strong><\/5><\/p>\n<p>Wenn dir gef\u00e4llt, was du hier liest und das Gef\u00fchl hast bei mir richtig zu sein, dann ruf einfach an und vereinbare mit mir dein <a href=\"https:\/\/www.elke-bodenschatz.de\/index.php\/kontakt\/\">gratis Kennenlerngespr\u00e4ch<\/a>.<\/p>\n<p>Ich freu mich auf dich.<\/p>\n","protected":false},"excerpt":{"rendered":"<p>Hallo, sch\u00f6n dass du hier bist. &nbsp; Vielleicht bist du zuf\u00e4llig \u00fcber meine Seite gestolpert? Oder aus einem Grund, der dich gerade bewegt und mit der Qualit\u00e4t einer beruflichen oder privaten Beziehung von dir zu<a class=\"moretag\" href=\"https:\/\/www.elke-bodenschatz.de\/index.php\/ueber_mich\/\"> Weiterlesen&nbsp;&hellip;<\/a><\/p>\n","protected":false},"author":1,"featured_media":0,"parent":0,"menu_order":1,"comment_status":"closed","ping_status":"open","template":"","meta":{"footnotes":""},"class_list":["post-2","page","type-page","status-publish","hentry"],"_links":{"self":[{"href":"https:\/\/www.elke-bodenschatz.de\/index.php\/wp-json\/wp\/v2\/pages\/2","targetHints":{"allow":["GET"]}}],"collection":[{"href":"https:\/\/www.elke-bodenschatz.de\/index.php\/wp-json\/wp\/v2\/pages"}],"about":[{"href":"https:\/\/www.elke-bodenschatz.de\/index.php\/wp-json\/wp\/v2\/types\/page"}],"author":[{"embeddable":true,"href":"https:\/\/www.elke-bodenschatz.de\/index.php\/wp-json\/wp\/v2\/users\/1"}],"replies":[{"embeddable":true,"href":"https:\/\/www.elke-bodenschatz.de\/index.php\/wp-json\/wp\/v2\/comments?post=2"}],"version-history":[{"count":91,"href":"https:\/\/www.elke-bodenschatz.de\/index.php\/wp-json\/wp\/v2\/pages\/2\/revisions"}],"predecessor-version":[{"id":194,"href":"https:\/\/www.elke-bodenschatz.de\/index.php\/wp-json\/wp\/v2\/pages\/2\/revisions\/194"}],"wp:attachment":[{"href":"https:\/\/www.elke-bodenschatz.de\/index.php\/wp-json\/wp\/v2\/media?parent=2"}],"curies":[{"name":"wp","href":"https:\/\/api.w.org\/{rel}","templated":true}]}}