{"id":7,"date":"2018-06-06T14:37:53","date_gmt":"2018-06-06T12:37:53","guid":{"rendered":"http:\/\/localhost:8888\/Elke%20Bodenschatz%202.0\/?page_id=7"},"modified":"2018-08-26T16:38:15","modified_gmt":"2018-08-26T14:38:15","slug":"startseite","status":"publish","type":"page","link":"https:\/\/www.elke-bodenschatz.de\/","title":{"rendered":"Startseite"},"content":{"rendered":"<div class=\"col-md-5\">\n<h3>\u00dcber Hestia<\/h3>\n<p>Du brauchst mehr Details? Bitte schau dir unsere vollst\u00e4ndige Dokumentation mit detaillierten Informationen \u00fcber die Nutzung von Hestia an.<\/p>\n<\/div>\n<div class=\"col-md-6 col-md-offset-1\"><img decoding=\"async\" class=\"size-medium alignright\" src=\"https:\/\/www.elke-bodenschatz.de\/wp-content\/themes\/hestia\/assets\/img\/about-content.png\" \/><\/div>\n","protected":false},"excerpt":{"rendered":"<p>\u00dcber Hestia Du brauchst mehr Details? Bitte schau dir unsere vollst\u00e4ndige Dokumentation mit detaillierten Informationen \u00fcber die Nutzung von Hestia an.<\/p>\n","protected":false},"author":1,"featured_media":46,"parent":0,"menu_order":0,"comment_status":"closed","ping_status":"closed","template":"","meta":{"footnotes":""},"class_list":["post-7","page","type-page","status-publish","has-post-thumbnail","hentry"],"_links":{"self":[{"href":"https:\/\/www.elke-bodenschatz.de\/index.php\/wp-json\/wp\/v2\/pages\/7","targetHints":{"allow":["GET"]}}],"collection":[{"href":"https:\/\/www.elke-bodenschatz.de\/index.php\/wp-json\/wp\/v2\/pages"}],"about":[{"href":"https:\/\/www.elke-bodenschatz.de\/index.php\/wp-json\/wp\/v2\/types\/page"}],"author":[{"embeddable":true,"href":"https:\/\/www.elke-bodenschatz.de\/index.php\/wp-json\/wp\/v2\/users\/1"}],"replies":[{"embeddable":true,"href":"https:\/\/www.elke-bodenschatz.de\/index.php\/wp-json\/wp\/v2\/comments?post=7"}],"version-history":[{"count":4,"href":"https:\/\/www.elke-bodenschatz.de\/index.php\/wp-json\/wp\/v2\/pages\/7\/revisions"}],"predecessor-version":[{"id":292,"href":"https:\/\/www.elke-bodenschatz.de\/index.php\/wp-json\/wp\/v2\/pages\/7\/revisions\/292"}],"wp:featuredmedia":[{"embeddable":true,"href":"https:\/\/www.elke-bodenschatz.de\/index.php\/wp-json\/wp\/v2\/media\/46"}],"wp:attachment":[{"href":"https:\/\/www.elke-bodenschatz.de\/index.php\/wp-json\/wp\/v2\/media?parent=7"}],"curies":[{"name":"wp","href":"https:\/\/api.w.org\/{rel}","templated":true}]}}